{"id":969,"date":"2022-06-28T09:42:44","date_gmt":"2022-06-28T06:42:44","guid":{"rendered":"https:\/\/demo.creativethemes.com\/elementor\/web-agency\/?page_id=969"},"modified":"2023-05-25T18:18:34","modified_gmt":"2023-05-25T15:18:34","slug":"about","status":"publish","type":"page","link":"https:\/\/ccoskuninsaat.com\/index.php\/about\/","title":{"rendered":"Hakk\u0131m\u0131zda"},"content":{"rendered":"\t\t<div data-elementor-type=\"wp-page\" data-elementor-id=\"969\" class=\"elementor elementor-969\">\n\t\t\t\t\t\t\t<div class=\"elementor-element elementor-element-3498a7f e-con-boxed e-con\" data-id=\"3498a7f\" data-element_type=\"container\" data-settings=\"{&quot;content_width&quot;:&quot;boxed&quot;}\">\n\t\t\t\t\t<div class=\"e-con-inner\">\n\t\t<div class=\"elementor-element elementor-element-6e99244 e-con-full e-con\" data-id=\"6e99244\" data-element_type=\"container\" data-settings=\"{&quot;content_width&quot;:&quot;full&quot;}\">\n\t\t\t\t<div class=\"elementor-element elementor-element-ffd876d elementor-widget elementor-widget-text-editor\" data-id=\"ffd876d\" data-element_type=\"widget\" data-widget_type=\"text-editor.default\">\n\t\t\t\t<div class=\"elementor-widget-container\">\n\t\t\t<style>\/*! elementor - v3.9.0 - 06-12-2022 *\/\n.elementor-widget-text-editor.elementor-drop-cap-view-stacked .elementor-drop-cap{background-color:#818a91;color:#fff}.elementor-widget-text-editor.elementor-drop-cap-view-framed .elementor-drop-cap{color:#818a91;border:3px solid;background-color:transparent}.elementor-widget-text-editor:not(.elementor-drop-cap-view-default) .elementor-drop-cap{margin-top:8px}.elementor-widget-text-editor:not(.elementor-drop-cap-view-default) .elementor-drop-cap-letter{width:1em;height:1em}.elementor-widget-text-editor .elementor-drop-cap{float:left;text-align:center;line-height:1;font-size:50px}.elementor-widget-text-editor .elementor-drop-cap-letter{display:inline-block}<\/style>\t\t\t\t<h1>\u00a0 \u00a0 \u00a0 \u00a0 \u00a0 \u00a0 \u00a0 \u00a0Hakk\u0131m\u0131zda<\/h1><div><span style=\"font-size: inherit; text-align: inherit; background-color: var(--palettecolor8); color: var(--color); font-family: var(--fontFamily); font-style: var(--fontStyle, inherit); font-weight: var(--fontWeight); letter-spacing: var(--letterSpacing); text-transform: var(--textTransform);\">Firmam\u0131z, \u0130n\u015faat ve Yat\u0131r\u0131m alan\u0131nda uzun y\u0131llard\u0131r profesyonel \u00e7al\u0131\u015fmalar\u0131m\u0131z ile her ge\u00e7en g\u00fcn b\u00fcy\u00fcyerek hizmet vermeye devam etmektedir. Kuruldu\u011fumuz g\u00fcnden bug\u00fcne kadar Yerel ve Uluslararas\u0131 in\u015faat firmas\u0131 olarak bir\u00e7ok ba\u015far\u0131l\u0131 projeye imza atarak, d\u00fcr\u00fcstl\u00fck ve kalite \u00e7izgisi \u00fczerinde istikrarl\u0131 \u015fekilde \u00e7al\u0131\u015fmalar\u0131m\u0131z\u0131 s\u00fcrd\u00fcr\u00fcyoruz. \u00d6zellikle yapm\u0131\u015f oldu\u011fumuz ba\u015far\u0131l\u0131 projeler ile \u00f6rnek al\u0131nan firmalardan biri haline gelmi\u015f bulunmaktay\u0131z. \u0130n\u015faat ve Yat\u0131r\u0131m sekt\u00f6r\u00fcnde b\u00f6lgenin \u00f6nde gelen firmalar\u0131ndan biri olmay\u0131 ba\u015fararak, her ge\u00e7en g\u00fcn projelerimizi bir ad\u0131m ileri ta\u015f\u0131may\u0131 hedefliyoruz. Ankara\u2019da in\u015faat sekt\u00f6r\u00fc i\u00e7erisindeki \u00e7al\u0131\u015fmalar\u0131m\u0131zda insana ve do\u011faya verdi\u011fimiz \u00f6nem ile herkesin mutlu ya\u015fayabilece\u011fi konutlar\u0131n hayata ge\u00e7irilebilmesi i\u00e7in daima \u00f6zveri ile \u00e7al\u0131\u015f\u0131yoruz. Ak\u0131lc\u0131 \u00e7\u00f6z\u00fcmler \u00fcreterek insanlar\u0131n ya\u015fam kalitesini y\u00fcksek tutacak projelerde g\u00fcn\u00fcm\u00fcz\u00fcn son teknolojilerinden yararlanmaktay\u0131z.<\/span><\/div>\t\t\t\t\t\t<\/div>\n\t\t\t\t<\/div>\n\t\t\t\t<\/div>\n\t\t<div class=\"elementor-element elementor-element-b40e090 e-con-full e-con\" data-id=\"b40e090\" data-element_type=\"container\" data-settings=\"{&quot;content_width&quot;:&quot;full&quot;}\">\n\t\t<div class=\"elementor-element elementor-element-57635b1 e-con-boxed e-con\" data-id=\"57635b1\" data-element_type=\"container\" data-settings=\"{&quot;content_width&quot;:&quot;boxed&quot;}\">\n\t\t\t\t\t<div class=\"e-con-inner\">\n\t\t\t\t<div class=\"elementor-element elementor-element-b7933d1 elementor-widget__width-initial elementor-widget elementor-widget-image\" data-id=\"b7933d1\" data-element_type=\"widget\" data-widget_type=\"image.default\">\n\t\t\t\t<div class=\"elementor-widget-container\">\n\t\t\t<style>\/*! elementor - v3.9.0 - 06-12-2022 *\/\n.elementor-widget-image{text-align:center}.elementor-widget-image a{display:inline-block}.elementor-widget-image a img[src$=\".svg\"]{width:48px}.elementor-widget-image img{vertical-align:middle;display:inline-block}<\/style>\t\t\t\t\t\t\t\t\t\t\t\t<img loading=\"lazy\" width=\"768\" height=\"432\" src=\"https:\/\/ccoskuninsaat.com\/wp-content\/uploads\/2023\/05\/1-13-768x432.jpg\" class=\"attachment-medium_large size-medium_large wp-image-2748\" alt=\"\" srcset=\"https:\/\/ccoskuninsaat.com\/wp-content\/uploads\/2023\/05\/1-13-768x432.jpg 768w, https:\/\/ccoskuninsaat.com\/wp-content\/uploads\/2023\/05\/1-13-300x169.jpg 300w, https:\/\/ccoskuninsaat.com\/wp-content\/uploads\/2023\/05\/1-13-1024x576.jpg 1024w, https:\/\/ccoskuninsaat.com\/wp-content\/uploads\/2023\/05\/1-13-1536x864.jpg 1536w, https:\/\/ccoskuninsaat.com\/wp-content\/uploads\/2023\/05\/1-13.jpg 1920w\" sizes=\"auto, (max-width: 768px) 100vw, 768px\" \/>\t\t\t\t\t\t\t\t\t\t\t\t\t\t\t<\/div>\n\t\t\t\t<\/div>\n\t\t\t\t\t<\/div>\n\t\t\t\t<\/div>\n\t\t\t\t<\/div>\n\t\t\t\t\t<\/div>\n\t\t\t\t<\/div>\n\t\t\t\t\t\t\t<\/div>\n\t\t","protected":false},"excerpt":{"rendered":"<p>\u00a0 \u00a0 \u00a0 \u00a0 \u00a0 \u00a0 \u00a0 \u00a0Hakk\u0131m\u0131zda Firmam\u0131z, \u0130n\u015faat ve Yat\u0131r\u0131m alan\u0131nda uzun y\u0131llard\u0131r profesyonel \u00e7al\u0131\u015fmalar\u0131m\u0131z ile her ge\u00e7en g\u00fcn b\u00fcy\u00fcyerek hizmet vermeye devam etmektedir. Kuruldu\u011fumuz g\u00fcnden bug\u00fcne kadar Yerel ve Uluslararas\u0131 in\u015faat firmas\u0131 olarak bir\u00e7ok ba\u015far\u0131l\u0131 projeye imza atarak, d\u00fcr\u00fcstl\u00fck ve kalite \u00e7izgisi \u00fczerinde istikrarl\u0131 \u015fekilde \u00e7al\u0131\u015fmalar\u0131m\u0131z\u0131 s\u00fcrd\u00fcr\u00fcyoruz. \u00d6zellikle yapm\u0131\u015f oldu\u011fumuz ba\u015far\u0131l\u0131 projeler ile \u00f6rnek al\u0131nan firmalardan biri haline gelmi\u015f bulunmaktay\u0131z. \u0130n\u015faat ve Yat\u0131r\u0131m sekt\u00f6r\u00fcnde b\u00f6lgenin \u00f6nde gelen firmalar\u0131ndan biri olmay\u0131 ba\u015fararak, her ge\u00e7en g\u00fcn projelerimizi bir ad\u0131m ileri ta\u015f\u0131may\u0131 hedefliyoruz. Ankara\u2019da in\u015faat sekt\u00f6r\u00fc i\u00e7erisindeki \u00e7al\u0131\u015fmalar\u0131m\u0131zda insana ve do\u011faya verdi\u011fimiz \u00f6nem ile herkesin mutlu ya\u015fayabilece\u011fi konutlar\u0131n hayata ge\u00e7irilebilmesi\u2026<\/p>\n","protected":false},"author":1,"featured_media":0,"parent":0,"menu_order":0,"comment_status":"closed","ping_status":"closed","template":"elementor_header_footer","meta":{"footnotes":""},"class_list":["post-969","page","type-page","status-publish","hentry"],"blocksy_meta":{"page_title_panel":"","has_hero_section":"disabled","6adf8427e3338cacf5ab2f524b7ef8b1":"","hero_section":"type-1","hero_elements":[{"id":"custom_title","enabled":true,"heading_tag":"h1","title":"Home"},{"id":"custom_description","enabled":true,"description_visibility":{"desktop":true,"tablet":true,"mobile":false}},{"id":"custom_meta","enabled":false,"meta_elements":[{"id":"author","enabled":true,"label":"By","has_author_avatar":"yes","avatar_size":25},{"id":"post_date","enabled":true,"label":"On","date_format_source":"default","date_format":"M j, Y"},{"id":"updated_date","enabled":false,"label":"On","date_format_source":"default","date_format":"M j, Y"},{"id":"categories","enabled":false,"label":"In","style":"simple"},{"id":"comments","enabled":true}],"page_meta_elements":{"joined":true,"articles_count":true,"comments":true}},{"id":"breadcrumbs","enabled":false}],"9741cca921386e11d73035f6d3788b1c":"","hero_alignment1":"CT_CSS_SKIP_RULE","hero_margin":40,"hero_alignment2":"center","hero_vertical_alignment":"center","7295e70143525a5f80712cda0789f708":"","hero_structure":"narrow","f28dfdaa4842de3933d4727cb207d2e1":"","page_title_bg_type":"featured_image","custom_hero_background":{"attachment_id":null},"page_title_image_size":"full","parallax":{"desktop":false,"tablet":false,"mobile":false},"5edf9deb27275997a5092861bfebae73":"","hero_height":"250px","pageTitleFont":{"family":"Default","variation":"Default","size":"30px","line-height":"CT_CSS_SKIP_RULE","letter-spacing":"CT_CSS_SKIP_RULE","text-transform":"CT_CSS_SKIP_RULE","text-decoration":"CT_CSS_SKIP_RULE"},"pageTitleFontColor":{"default":{"color":"CT_CSS_SKIP_RULEDEFAULT"}},"pageMetaFont":{"family":"Default","variation":"n6","size":"12px","line-height":"1.3","letter-spacing":"CT_CSS_SKIP_RULE","text-transform":"uppercase","text-decoration":"CT_CSS_SKIP_RULE"},"pageMetaFontColor":{"default":{"color":"CT_CSS_SKIP_RULEDEFAULT"},"hover":{"color":"CT_CSS_SKIP_RULEDEFAULT"}},"page_meta_button_type_font_colors":{"default":{"color":"CT_CSS_SKIP_RULEDEFAULT"},"hover":{"color":"CT_CSS_SKIP_RULEDEFAULT"}},"page_meta_button_type_background_colors":{"default":{"color":"CT_CSS_SKIP_RULEDEFAULT"},"hover":{"color":"CT_CSS_SKIP_RULEDEFAULT"}},"pageExcerptFont":{"family":"Default","variation":"Default","size":"CT_CSS_SKIP_RULE","line-height":"CT_CSS_SKIP_RULE","letter-spacing":"CT_CSS_SKIP_RULE","text-transform":"CT_CSS_SKIP_RULE","text-decoration":"CT_CSS_SKIP_RULE"},"pageExcerptColor":{"default":{"color":"CT_CSS_SKIP_RULEDEFAULT"}},"breadcrumbsFont":{"family":"Default","variation":"Default","size":"CT_CSS_SKIP_RULE","line-height":"CT_CSS_SKIP_RULE","letter-spacing":"CT_CSS_SKIP_RULE","text-transform":"CT_CSS_SKIP_RULE","text-decoration":"CT_CSS_SKIP_RULE"},"breadcrumbsFontColor":{"default":{"color":"CT_CSS_SKIP_RULEDEFAULT"},"initial":{"color":"CT_CSS_SKIP_RULEDEFAULT"},"hover":{"color":"CT_CSS_SKIP_RULEDEFAULT"}},"pageTitleOverlay":{"background_type":"color","background_pattern":"type-1","background_image":{"attachment_id":null,"x":0,"y":0},"gradient":"linear-gradient(135deg,rgba(6,147,227,1) 0%,rgb(155,81,224) 100%)","background_repeat":"repeat","background_size":"auto","background_attachment":"scroll","patternColor":{"default":{"color":"#e5e7ea"}},"overlayColor":{"default":{"color":"CT_CSS_SKIP_RULE"}},"backgroundColor":{"default":{"color":"CT_CSS_SKIP_RULE"}}},"pageTitleBackground":{"background_type":"color","background_pattern":"type-1","background_image":{"attachment_id":null,"x":0,"y":0},"gradient":"linear-gradient(135deg,rgba(6,147,227,1) 0%,rgb(155,81,224) 100%)","background_repeat":"repeat","background_size":"auto","background_attachment":"scroll","patternColor":{"default":{"color":"#e5e7ea"}},"overlayColor":{"default":{"color":"CT_CSS_SKIP_RULE"}},"backgroundColor":{"default":{"color":"var(--paletteColor6)"}}},"pageTitlePadding":{"top":"50px","bottom":"50px","left":"auto","right":"auto","linked":true},"1bb85a443599e4f3c9dda8cd1d52b4f8":"","page_structure_type":"default","858466f3ebd28086503780ff7f37f52f":"","content_style_source":"inherit","content_style":"wide","vertical_spacing_source":"custom","content_area_spacing":"none","background":{"background_type":"color","background_pattern":"type-1","background_image":{"attachment_id":null,"x":0,"y":0},"gradient":"linear-gradient(135deg,rgba(6,147,227,1) 0%,rgb(155,81,224) 100%)","background_repeat":"repeat","background_size":"auto","background_attachment":"scroll","patternColor":{"default":{"color":"#e5e7ea"}},"overlayColor":{"default":{"color":"CT_CSS_SKIP_RULE"}},"backgroundColor":{"default":{"color":"CT_CSS_SKIP_RULE"}}},"content_background":{"background_type":"color","background_pattern":"type-1","background_image":{"attachment_id":null,"x":0,"y":0},"gradient":"linear-gradient(135deg,rgba(6,147,227,1) 0%,rgb(155,81,224) 100%)","background_repeat":"repeat","background_size":"auto","background_attachment":"scroll","patternColor":{"default":{"color":"#e5e7ea"}},"overlayColor":{"default":{"color":"CT_CSS_SKIP_RULE"}},"backgroundColor":{"default":{"color":"var(--paletteColor8)"}}},"content_boxed_shadow":{"inherit":false,"blur":18,"spread":-6,"v_offset":12,"h_offset":0,"inset":false,"enable":true,"color":{"color":"rgba(34, 56, 101, 0.04)"}},"content_boxed_border":{"width":1,"style":"none","color":{"color":"rgba(44,62,80,0.2)"}},"content_boxed_radius":{"top":"3px","bottom":"3px","left":"3px","right":"3px","linked":true},"boxed_content_spacing":{"desktop":{"top":"40px","bottom":"40px","left":"40px","right":"40px","linked":true},"tablet":{"top":"35px","bottom":"35px","left":"35px","right":"35px","linked":true},"mobile":{"top":"20px","bottom":"20px","left":"20px","right":"20px","linked":true}},"89c5690a5759feff4305e208991a1347":"","disable_featured_image":"no","disable_share_box":"no","disable_header":"no","disable_footer":"no","styles_descriptor":{"styles":{"desktop":"","tablet":"","mobile":""},"google_fonts":[],"version":5}},"_links":{"self":[{"href":"https:\/\/ccoskuninsaat.com\/index.php\/wp-json\/wp\/v2\/pages\/969","targetHints":{"allow":["GET"]}}],"collection":[{"href":"https:\/\/ccoskuninsaat.com\/index.php\/wp-json\/wp\/v2\/pages"}],"about":[{"href":"https:\/\/ccoskuninsaat.com\/index.php\/wp-json\/wp\/v2\/types\/page"}],"author":[{"embeddable":true,"href":"https:\/\/ccoskuninsaat.com\/index.php\/wp-json\/wp\/v2\/users\/1"}],"replies":[{"embeddable":true,"href":"https:\/\/ccoskuninsaat.com\/index.php\/wp-json\/wp\/v2\/comments?post=969"}],"version-history":[{"count":70,"href":"https:\/\/ccoskuninsaat.com\/index.php\/wp-json\/wp\/v2\/pages\/969\/revisions"}],"predecessor-version":[{"id":2911,"href":"https:\/\/ccoskuninsaat.com\/index.php\/wp-json\/wp\/v2\/pages\/969\/revisions\/2911"}],"wp:attachment":[{"href":"https:\/\/ccoskuninsaat.com\/index.php\/wp-json\/wp\/v2\/media?parent=969"}],"curies":[{"name":"wp","href":"https:\/\/api.w.org\/{rel}","templated":true}]}}