{"id":1562,"date":"2022-12-05T16:53:54","date_gmt":"2022-12-05T13:53:54","guid":{"rendered":"https:\/\/ccoskuninsaat.com\/?page_id=1562"},"modified":"2023-04-30T23:26:27","modified_gmt":"2023-04-30T20:26:27","slug":"coskun-grup","status":"publish","type":"page","link":"https:\/\/ccoskuninsaat.com\/index.php\/coskun-grup\/","title":{"rendered":"Co\u015fkun Grup"},"content":{"rendered":"\t\t<div data-elementor-type=\"wp-page\" data-elementor-id=\"1562\" class=\"elementor elementor-1562\">\n\t\t\t\t\t\t\t<div class=\"elementor-element elementor-element-1603f36 e-con-boxed e-con\" data-id=\"1603f36\" data-element_type=\"container\" data-settings=\"{&quot;content_width&quot;:&quot;boxed&quot;}\">\n\t\t\t\t\t<div class=\"e-con-inner\">\n\t\t\t\t<div class=\"elementor-element elementor-element-9b42a37 elementor-widget__width-initial elementor-widget elementor-widget-text-editor\" data-id=\"9b42a37\" data-element_type=\"widget\" data-widget_type=\"text-editor.default\">\n\t\t\t\t<div class=\"elementor-widget-container\">\n\t\t\t<style>\/*! elementor - v3.9.0 - 06-12-2022 *\/\n.elementor-widget-text-editor.elementor-drop-cap-view-stacked .elementor-drop-cap{background-color:#818a91;color:#fff}.elementor-widget-text-editor.elementor-drop-cap-view-framed .elementor-drop-cap{color:#818a91;border:3px solid;background-color:transparent}.elementor-widget-text-editor:not(.elementor-drop-cap-view-default) .elementor-drop-cap{margin-top:8px}.elementor-widget-text-editor:not(.elementor-drop-cap-view-default) .elementor-drop-cap-letter{width:1em;height:1em}.elementor-widget-text-editor .elementor-drop-cap{float:left;text-align:center;line-height:1;font-size:50px}.elementor-widget-text-editor .elementor-drop-cap-letter{display:inline-block}<\/style>\t\t\t\t<h5 style=\"text-align: center;\"><strong>CO\u015eKUN KONUT \u0130N\u015eAAT GRUBU SAN.VE T\u0130C.A.\u015e.<\/strong><br \/><strong>PARK ALYANS S\u0130TES\u0130<\/strong><strong>\u00a0<\/strong><\/h5><h6 style=\"text-align: left;\"><strong>PROJE \u0130\u00c7ER\u0130\u011e\u0130<\/strong><\/h6><p style=\"text-align: left;\">Ankara \u00c7ankaya Ya\u015famkent Mevkisinde 42.611,76 m\u00b2 \u0130n\u015faat\u00a0Alan\u0131na Sahip 19 Tip Daireden Olu\u015fan 163 Konutluk \u0130n\u015faat\u00a0Projesi.<\/p>\t\t\t\t\t\t<\/div>\n\t\t\t\t<\/div>\n\t\t\t\t\t<\/div>\n\t\t\t\t<\/div>\n\t\t<div class=\"elementor-element elementor-element-4e943bc e-con-boxed e-con\" data-id=\"4e943bc\" data-element_type=\"container\" data-settings=\"{&quot;content_width&quot;:&quot;boxed&quot;}\">\n\t\t\t\t\t<div class=\"e-con-inner\">\n\t\t\t\t<div class=\"elementor-element elementor-element-01502b3 elementor-widget elementor-widget-image-gallery\" data-id=\"01502b3\" data-element_type=\"widget\" data-widget_type=\"image-gallery.default\">\n\t\t\t\t<div class=\"elementor-widget-container\">\n\t\t\t<style>\/*! elementor - v3.9.0 - 06-12-2022 *\/\n.elementor-image-gallery .gallery-item{display:inline-block;text-align:center;vertical-align:top;width:100%;max-width:100%;margin:0 auto}.elementor-image-gallery .gallery-item img{margin:0 auto}.elementor-image-gallery .gallery-item .gallery-caption{margin:0}.elementor-image-gallery figure img{display:block}.elementor-image-gallery figure figcaption{width:100%}.gallery-spacing-custom .elementor-image-gallery .gallery-icon{padding:0}@media (min-width:768px){.elementor-image-gallery .gallery-columns-2 .gallery-item{max-width:50%}.elementor-image-gallery .gallery-columns-3 .gallery-item{max-width:33.33%}.elementor-image-gallery .gallery-columns-4 .gallery-item{max-width:25%}.elementor-image-gallery .gallery-columns-5 .gallery-item{max-width:20%}.elementor-image-gallery .gallery-columns-6 .gallery-item{max-width:16.666%}.elementor-image-gallery .gallery-columns-7 .gallery-item{max-width:14.28%}.elementor-image-gallery .gallery-columns-8 .gallery-item{max-width:12.5%}.elementor-image-gallery .gallery-columns-9 .gallery-item{max-width:11.11%}.elementor-image-gallery .gallery-columns-10 .gallery-item{max-width:10%}}@media (min-width:480px) and (max-width:767px){.elementor-image-gallery .gallery.gallery-columns-2 .gallery-item,.elementor-image-gallery .gallery.gallery-columns-3 .gallery-item,.elementor-image-gallery .gallery.gallery-columns-4 .gallery-item,.elementor-image-gallery .gallery.gallery-columns-5 .gallery-item,.elementor-image-gallery .gallery.gallery-columns-6 .gallery-item,.elementor-image-gallery .gallery.gallery-columns-7 .gallery-item,.elementor-image-gallery .gallery.gallery-columns-8 .gallery-item,.elementor-image-gallery .gallery.gallery-columns-9 .gallery-item,.elementor-image-gallery .gallery.gallery-columns-10 .gallery-item{max-width:50%}}@media (max-width:479px){.elementor-image-gallery .gallery.gallery-columns-2 .gallery-item,.elementor-image-gallery .gallery.gallery-columns-3 .gallery-item,.elementor-image-gallery .gallery.gallery-columns-4 .gallery-item,.elementor-image-gallery .gallery.gallery-columns-5 .gallery-item,.elementor-image-gallery .gallery.gallery-columns-6 .gallery-item,.elementor-image-gallery .gallery.gallery-columns-7 .gallery-item,.elementor-image-gallery .gallery.gallery-columns-8 .gallery-item,.elementor-image-gallery .gallery.gallery-columns-9 .gallery-item,.elementor-image-gallery .gallery.gallery-columns-10 .gallery-item{max-width:100%}}<\/style>\t\t<div class=\"elementor-image-gallery\">\n\t\t\t<div id='gallery-1' class='gallery galleryid-1562 gallery-columns-4 gallery-size-thumbnail'><figure class='gallery-item'>\n\t\t\t<div class='gallery-icon landscape'>\n\t\t\t\t<a data-elementor-open-lightbox=\"yes\" data-elementor-lightbox-slideshow=\"01502b3\" data-elementor-lightbox-title=\"1\" e-action-hash=\"#elementor-action%3Aaction%3Dlightbox%26settings%3DeyJpZCI6MjA3MywidXJsIjoiaHR0cHM6XC9cL2Njb3NrdW5pbnNhYXQuY29tXC93cC1jb250ZW50XC91cGxvYWRzXC8yMDIzXC8wNFwvMS00LmpwZyIsInNsaWRlc2hvdyI6IjAxNTAyYjMifQ%3D%3D\" href='https:\/\/ccoskuninsaat.com\/wp-content\/uploads\/2023\/04\/1-4.jpg'><img loading=\"lazy\" width=\"150\" height=\"150\" src=\"https:\/\/ccoskuninsaat.com\/wp-content\/uploads\/2023\/04\/1-4-150x150.jpg\" class=\"attachment-thumbnail size-thumbnail\" alt=\"\" \/><\/a>\n\t\t\t<\/div><\/figure><figure class='gallery-item'>\n\t\t\t<div class='gallery-icon landscape'>\n\t\t\t\t<a data-elementor-open-lightbox=\"yes\" data-elementor-lightbox-slideshow=\"01502b3\" data-elementor-lightbox-title=\"3\" e-action-hash=\"#elementor-action%3Aaction%3Dlightbox%26settings%3DeyJpZCI6MjA2MiwidXJsIjoiaHR0cHM6XC9cL2Njb3NrdW5pbnNhYXQuY29tXC93cC1jb250ZW50XC91cGxvYWRzXC8yMDIzXC8wNFwvMy0yLmpwZyIsInNsaWRlc2hvdyI6IjAxNTAyYjMifQ%3D%3D\" href='https:\/\/ccoskuninsaat.com\/wp-content\/uploads\/2023\/04\/3-2.jpg'><img loading=\"lazy\" width=\"150\" height=\"150\" src=\"https:\/\/ccoskuninsaat.com\/wp-content\/uploads\/2023\/04\/3-2-150x150.jpg\" class=\"attachment-thumbnail size-thumbnail\" alt=\"\" \/><\/a>\n\t\t\t<\/div><\/figure><figure class='gallery-item'>\n\t\t\t<div class='gallery-icon landscape'>\n\t\t\t\t<a data-elementor-open-lightbox=\"yes\" data-elementor-lightbox-slideshow=\"01502b3\" data-elementor-lightbox-title=\"3\" e-action-hash=\"#elementor-action%3Aaction%3Dlightbox%26settings%3DeyJpZCI6MjA0OSwidXJsIjoiaHR0cHM6XC9cL2Njb3NrdW5pbnNhYXQuY29tXC93cC1jb250ZW50XC91cGxvYWRzXC8yMDIzXC8wNFwvMy5qcGciLCJzbGlkZXNob3ciOiIwMTUwMmIzIn0%3D\" href='https:\/\/ccoskuninsaat.com\/wp-content\/uploads\/2023\/04\/3.jpg'><img loading=\"lazy\" width=\"150\" height=\"150\" src=\"https:\/\/ccoskuninsaat.com\/wp-content\/uploads\/2023\/04\/3-150x150.jpg\" class=\"attachment-thumbnail size-thumbnail\" alt=\"\" \/><\/a>\n\t\t\t<\/div><\/figure><figure class='gallery-item'>\n\t\t\t<div class='gallery-icon landscape'>\n\t\t\t\t<a data-elementor-open-lightbox=\"yes\" data-elementor-lightbox-slideshow=\"01502b3\" data-elementor-lightbox-title=\"4\" e-action-hash=\"#elementor-action%3Aaction%3Dlightbox%26settings%3DeyJpZCI6MjE0MiwidXJsIjoiaHR0cHM6XC9cL2Njb3NrdW5pbnNhYXQuY29tXC93cC1jb250ZW50XC91cGxvYWRzXC8yMDIzXC8wNFwvNC5qcGciLCJzbGlkZXNob3ciOiIwMTUwMmIzIn0%3D\" href='https:\/\/ccoskuninsaat.com\/wp-content\/uploads\/2023\/04\/4.jpg'><img loading=\"lazy\" width=\"150\" height=\"150\" src=\"https:\/\/ccoskuninsaat.com\/wp-content\/uploads\/2023\/04\/4-150x150.jpg\" class=\"attachment-thumbnail size-thumbnail\" alt=\"\" \/><\/a>\n\t\t\t<\/div><\/figure>\n\t\t<\/div>\n\t\t<\/div>\n\t\t\t\t<\/div>\n\t\t\t\t<\/div>\n\t\t\t\t\t<\/div>\n\t\t\t\t<\/div>\n\t\t\t\t\t\t\t<\/div>\n\t\t","protected":false},"excerpt":{"rendered":"<p>CO\u015eKUN KONUT \u0130N\u015eAAT GRUBU SAN.VE T\u0130C.A.\u015e.PARK ALYANS S\u0130TES\u0130\u00a0 PROJE \u0130\u00c7ER\u0130\u011e\u0130 Ankara \u00c7ankaya Ya\u015famkent Mevkisinde 42.611,76 m\u00b2 \u0130n\u015faat\u00a0Alan\u0131na Sahip 19 Tip Daireden Olu\u015fan 163 Konutluk \u0130n\u015faat\u00a0Projesi.<\/p>\n","protected":false},"author":1,"featured_media":0,"parent":0,"menu_order":0,"comment_status":"closed","ping_status":"closed","template":"elementor_header_footer","meta":{"footnotes":""},"class_list":["post-1562","page","type-page","status-publish","hentry"],"blocksy_meta":{"styles_descriptor":{"styles":{"desktop":"","tablet":"","mobile":""},"google_fonts":[],"version":5}},"_links":{"self":[{"href":"https:\/\/ccoskuninsaat.com\/index.php\/wp-json\/wp\/v2\/pages\/1562","targetHints":{"allow":["GET"]}}],"collection":[{"href":"https:\/\/ccoskuninsaat.com\/index.php\/wp-json\/wp\/v2\/pages"}],"about":[{"href":"https:\/\/ccoskuninsaat.com\/index.php\/wp-json\/wp\/v2\/types\/page"}],"author":[{"embeddable":true,"href":"https:\/\/ccoskuninsaat.com\/index.php\/wp-json\/wp\/v2\/users\/1"}],"replies":[{"embeddable":true,"href":"https:\/\/ccoskuninsaat.com\/index.php\/wp-json\/wp\/v2\/comments?post=1562"}],"version-history":[{"count":40,"href":"https:\/\/ccoskuninsaat.com\/index.php\/wp-json\/wp\/v2\/pages\/1562\/revisions"}],"predecessor-version":[{"id":2409,"href":"https:\/\/ccoskuninsaat.com\/index.php\/wp-json\/wp\/v2\/pages\/1562\/revisions\/2409"}],"wp:attachment":[{"href":"https:\/\/ccoskuninsaat.com\/index.php\/wp-json\/wp\/v2\/media?parent=1562"}],"curies":[{"name":"wp","href":"https:\/\/api.w.org\/{rel}","templated":true}]}}